{"id":6,"date":"2021-03-04T06:59:00","date_gmt":"2021-03-04T06:59:00","guid":{"rendered":"http:\/\/172.19.10.195:8080\/?page_id=6"},"modified":"2024-10-17T14:59:01","modified_gmt":"2024-10-17T11:59:01","slug":"post-page","status":"publish","type":"page","link":"https:\/\/grants.teismas.lt\/?page_id=6","title":{"rendered":"Nuorodos"},"content":{"rendered":"\n<div class=\"wp-block-group\"><div class=\"wp-block-group__inner-container is-layout-flow wp-block-group-is-layout-flow\">\n<div class=\"wp-block-columns is-layout-flex wp-container-core-columns-is-layout-9d6595d7 wp-block-columns-is-layout-flex\">\n<div class=\"wp-block-column is-layout-flow wp-block-column-is-layout-flow\">\n<p><a rel=\"noreferrer noopener\" href=\"https:\/\/www.teismai.lt\/lt\" target=\"_blank\"><strong>Nacionalin\u0117 teism\u0173 administracija<\/strong><\/a><strong><br><a rel=\"noreferrer noopener\" href=\"https:\/\/www.domstol.no\/en\/Norwegian-Courts-Administration\/\" target=\"_blank\">Norvegijos teism\u0173 administracija<\/a><br><a rel=\"noreferrer noopener\" href=\"https:\/\/www.cpva.lt\/\" target=\"_blank\">Centrin\u0117 projekt\u0173 valdymo agent\u016bra<\/a><br><a rel=\"noreferrer noopener\" href=\"http:\/\/www.norvegija.lt\/\" target=\"_blank\">Norvegijos ambasada<\/a><br><a rel=\"noreferrer noopener\" href=\"https:\/\/finmin.lrv.lt\/lt\/es-ir-kitos-investicijos\/eee-ir-norvegijos-parama\" target=\"_blank\">LR finans\u0173 ministerija<\/a><br><a rel=\"noreferrer noopener\" href=\"https:\/\/tm.lrv.lt\/lt\/\" target=\"_blank\">LR teisingumo ministerija<\/a><br><a rel=\"noreferrer noopener\" href=\"https:\/\/vrm.lrv.lt\/\" target=\"_blank\">LR vidaus reikal\u0173 ministerija<\/a><br><a rel=\"noreferrer noopener\" href=\"https:\/\/eeagrants.org\/about-us\/contact\/financial-mechanism-office\" target=\"_blank\">Finansini\u0173 mechanizm\u0173 valdyba<\/a><br><a rel=\"noreferrer noopener\" href=\"https:\/\/www.norwaygrants.lt\/\" target=\"_blank\">Norvegijos finansinis machanizmas<\/a><br><a rel=\"noreferrer noopener\" href=\"https:\/\/eeagrants.org\/\" target=\"_blank\">EEE finansinis mechanizmas<\/a><\/strong><\/p>\n<\/div>\n\n\n\n<div class=\"wp-block-column is-layout-flow wp-block-column-is-layout-flow\">\n<p><strong>\u0160alies teismai:<\/strong><br><a href=\"http:\/\/www.lrkt.lt\/\" target=\"_blank\" rel=\"noreferrer noopener\"><strong>Lietuvos Respublikos Konstitucinis Teismas<\/strong><\/a><br><a href=\"http:\/\/www.lat.lt\/\" target=\"_blank\" rel=\"noreferrer noopener\"><strong>Lietuvos Auk\u0161\u010diausiasis Teismas<\/strong><\/a><br><a href=\"http:\/\/www.lvat.lt\/\" target=\"_blank\" rel=\"noreferrer noopener\"><strong>Lietuvos vyriausiasis administracinis teismas<\/strong><\/a><br><a href=\"http:\/\/www.apeliacinis.lt\/\" target=\"_blank\" rel=\"noreferrer noopener\"><strong>Lietuvos apeliacinis teismas<\/strong><\/a><br><a href=\"https:\/\/administracinis.teismas.lt\/\" target=\"_blank\" rel=\"noreferrer noopener\"><strong>Region\u0173 administracinis teismas<\/strong><\/a><br><a href=\"https:\/\/vat.teismas.lt\/\" target=\"_blank\" rel=\"noreferrer noopener\"><strong>Vilniaus apygardos teismas<\/strong><\/a><br><a href=\"https:\/\/kat.teismas.lt\/\" target=\"_blank\" rel=\"noreferrer noopener\"><strong>Kauno apygardos teismas<\/strong><\/a><br><a href=\"https:\/\/klat.teismas.lt\/\" target=\"_blank\" rel=\"noreferrer noopener\"><strong>Klaip\u0117dos apygardos teismas<\/strong><\/a><br><a href=\"https:\/\/pat.teismas.lt\/\" target=\"_blank\" rel=\"noreferrer noopener\"><strong>Panev\u0117\u017eio apygardos teismas<\/strong><\/a><br><a href=\"https:\/\/sat.teismas.lt\/\" target=\"_blank\" rel=\"noreferrer noopener\"><strong>\u0160iauli\u0173 apygardos teismas<br><\/strong><\/a><a href=\"https:\/\/alytaus.teismai.lt\/\" target=\"_blank\" rel=\"noreferrer noopener\"><strong>Alytaus apylink\u0117s teismas\u00a0\u00a0<\/strong><\/a><br><a href=\"https:\/\/kauno.teismai.lt\/\" target=\"_blank\" rel=\"noreferrer noopener\"><strong>Kauno apylink\u0117s teismas\u00a0 \u00a0<br><\/strong><\/a><a href=\"https:\/\/klaipedos.teismai.lt\/\" target=\"_blank\" rel=\"noreferrer noopener\"><strong>Klaip\u0117dos apylink\u0117s teismas<br><\/strong><\/a><a href=\"https:\/\/marijampoles.teismai.lt\/\" target=\"_blank\" rel=\"noreferrer noopener\"><strong>Marijampol\u0117s apylink\u0117s teismas\u00a0\u00a0<\/strong><\/a><br><a href=\"https:\/\/panevezio.teismai.lt\/\" target=\"_blank\" rel=\"noreferrer noopener\"><strong>Panev\u0117\u017eio apylink\u0117s teismas\u00a0\u00a0<br><\/strong><\/a><a href=\"https:\/\/plunges.teismai.lt\/\" target=\"_blank\" rel=\"noreferrer noopener\"><strong>Plung\u0117s apylink\u0117s teismas<\/strong><\/a>\u00a0\u00a0<br><a href=\"https:\/\/siauliu.teismai.lt\/\" target=\"_blank\" rel=\"noreferrer noopener\"><strong>\u0160iauli\u0173 apylink\u0117s teismas\u00a0\u00a0<br><\/strong><\/a><a href=\"https:\/\/taurages.teismai.lt\/\" target=\"_blank\" rel=\"noreferrer noopener\"><strong>Taurag\u0117s apylink\u0117s teismas\u00a0<br><\/strong><\/a><a href=\"https:\/\/telsiu.teismai.lt\/\" target=\"_blank\" rel=\"noreferrer noopener\"><strong>Tel\u0161i\u0173 apylink\u0117s teismas\u00a0\u00a0<br><\/strong><\/a><a href=\"https:\/\/vilniausmiesto.teismas.lt\/\" target=\"_blank\" rel=\"noreferrer noopener\"><strong>Vilniaus miesto apylink\u0117s teismas<\/strong><\/a><br><a href=\"https:\/\/vilniausregiono.teismai.lt\/\" target=\"_blank\" rel=\"noreferrer noopener\"><strong>Vilniaus regiono apylink\u0117s teismas<\/strong><\/a><br><a href=\"https:\/\/utenos.teismai.lt\/\" target=\"_blank\" rel=\"noreferrer noopener\"><strong>Utenos apylink\u0117s teismas\u00a0<\/strong><\/a><\/p>\n<\/div>\n<\/div>\n<\/div><\/div>\n","protected":false},"excerpt":{"rendered":"<p>Nacionalin\u0117 teism\u0173 administracijaNorvegijos teism\u0173 administracijaCentrin\u0117 projekt\u0173 valdymo agent\u016braNorvegijos ambasadaLR finans\u0173 ministerijaLR teisingumo ministerijaLR vidaus reikal\u0173 ministerijaFinansini\u0173 mechanizm\u0173 valdybaNorvegijos finansinis machanizmasEEE finansinis mechanizmas \u0160alies teismai:Lietuvos Respublikos&hellip;<\/p>\n","protected":false},"author":1,"featured_media":0,"parent":0,"menu_order":0,"comment_status":"closed","ping_status":"closed","template":"","meta":{"ngg_post_thumbnail":0,"footnotes":""},"class_list":["post-6","page","type-page","status-publish","hentry"],"_links":{"self":[{"href":"https:\/\/grants.teismas.lt\/index.php?rest_route=\/wp\/v2\/pages\/6","targetHints":{"allow":["GET"]}}],"collection":[{"href":"https:\/\/grants.teismas.lt\/index.php?rest_route=\/wp\/v2\/pages"}],"about":[{"href":"https:\/\/grants.teismas.lt\/index.php?rest_route=\/wp\/v2\/types\/page"}],"author":[{"embeddable":true,"href":"https:\/\/grants.teismas.lt\/index.php?rest_route=\/wp\/v2\/users\/1"}],"replies":[{"embeddable":true,"href":"https:\/\/grants.teismas.lt\/index.php?rest_route=%2Fwp%2Fv2%2Fcomments&post=6"}],"version-history":[{"count":12,"href":"https:\/\/grants.teismas.lt\/index.php?rest_route=\/wp\/v2\/pages\/6\/revisions"}],"predecessor-version":[{"id":1063,"href":"https:\/\/grants.teismas.lt\/index.php?rest_route=\/wp\/v2\/pages\/6\/revisions\/1063"}],"wp:attachment":[{"href":"https:\/\/grants.teismas.lt\/index.php?rest_route=%2Fwp%2Fv2%2Fmedia&parent=6"}],"curies":[{"name":"wp","href":"https:\/\/api.w.org\/{rel}","templated":true}]}}