{"id":235,"date":"2021-04-28T14:20:18","date_gmt":"2021-04-28T11:20:18","guid":{"rendered":"http:\/\/172.19.10.195\/?page_id=235"},"modified":"2021-06-08T16:53:44","modified_gmt":"2021-06-08T13:53:44","slug":"naujienos-5","status":"publish","type":"page","link":"https:\/\/grants.teismas.lt\/","title":{"rendered":""},"content":{"rendered":"\n\n\n<ul class=\"wp-block-latest-posts__list has-dates wp-block-latest-posts\"><li><div class=\"wp-block-latest-posts__featured-image alignleft\"><img decoding=\"async\" width=\"150\" height=\"150\" src=\"https:\/\/grants.teismas.lt\/wp-content\/uploads\/2024\/09\/resize_1200x900_20240924_1510420-150x150.jpg\" class=\"attachment-thumbnail size-thumbnail wp-post-image\" alt=\"\" style=\"\" \/><\/div><a class=\"wp-block-latest-posts__post-title\" href=\"https:\/\/grants.teismas.lt\/?p=1047\">Atnaujintos vie\u0161osios erdv\u0117s Vilniaus miesto apylink\u0117s teisme<\/a><time datetime=\"2024-09-30T13:25:46+03:00\" class=\"wp-block-latest-posts__post-date\">2024-09-30<\/time><div class=\"wp-block-latest-posts__post-excerpt\">\u0160. m. rugs\u0117jo 24-\u0105j\u0105, pasibaigus remonto darbams, duris atver\u0117 Vilniaus miesto apylink\u0117s teismas. Po beveik metus trukusio remonto did\u017eiausias Lietuvos teismas gali pasid\u017eiaugti puikiai atnaujintomis vie\u0161osiomis erdv\u0117mis. Moderniai rekonstruotas pirmojo auk\u0161to vestibiulis, atnaujintos trys ir \u012frengtos devynios naujos teismo pos\u0117d\u017ei\u0173 sal\u0117s. Po remonto darb\u0173 Vilniaus miesto apylink\u0117s teisme veiks net \u0161e\u0161iasde\u0161imt keturios pos\u0117d\u017ei\u0173 sales. Taip&hellip;<\/div><\/li>\n<li><div class=\"wp-block-latest-posts__featured-image alignleft\"><img decoding=\"async\" width=\"150\" height=\"150\" src=\"https:\/\/grants.teismas.lt\/wp-content\/uploads\/2024\/09\/resize_1200x900_20240924_1510420-150x150.jpg\" class=\"attachment-thumbnail size-thumbnail wp-post-image\" alt=\"\" style=\"\" \/><\/div><a class=\"wp-block-latest-posts__post-title\" href=\"https:\/\/grants.teismas.lt\/?p=1052&#038;lang=en\">Updated Public Spaces at the Vilnius District Court<\/a><time datetime=\"2024-09-30T13:23:40+03:00\" class=\"wp-block-latest-posts__post-date\">2024-09-30<\/time><div class=\"wp-block-latest-posts__post-excerpt\">On September 24th, after the completion of renovation works, the Vilnius District Court reopened its doors. After nearly a year of renovations, Lithuania\u2019s largest court is now proud of its well-updated public spaces. The first-floor lobby has been modernly reconstructed, three courtrooms have been renovated, and nine new courtrooms have been added. Following the renovations,&hellip;<\/div><\/li>\n<li><div class=\"wp-block-latest-posts__featured-image alignleft\"><img decoding=\"async\" width=\"150\" height=\"150\" src=\"https:\/\/grants.teismas.lt\/wp-content\/uploads\/2024\/05\/resize_700x500_ekrano-nuotrauka-2024-04-30-134459-150x150.png\" class=\"attachment-thumbnail size-thumbnail wp-post-image\" alt=\"\" style=\"\" \/><\/div><a class=\"wp-block-latest-posts__post-title\" href=\"https:\/\/grants.teismas.lt\/?p=1031\">Parengtas veiksmingo vadovavimo teismo procesui baud\u017eiamosiose bylose praktinis vadovas<\/a><time datetime=\"2024-04-22T12:39:00+03:00\" class=\"wp-block-latest-posts__post-date\">2024-04-22<\/time><div class=\"wp-block-latest-posts__post-excerpt\">Vykdant projekto \u201eKokyb\u0117s, paslaug\u0173 ir infrastrukt\u016bros tobulinimas Lietuvos teismuose\u201c teismo proceso vedimo kokyb\u0117s tobulinimo veikl\u0105 buvo parengtas veiksmingo vadovavimo teismo procesui baud\u017eiamosiose bylose praktinis vadovas (toliau \u2013 Praktinis vadovas). Praktiniame vadove pateikti susisteminti gerosios praktikos pavyzd\u017eiai (dokument\u0173 \u0161ablonai) ir praktiniai patarimai teis\u0117jams, kurie pad\u0117s efektyviau organizuoti ir vesti baud\u017eiam\u0173j\u0173 byl\u0173 nagrin\u0117jimo proces\u0105. Praktinis vadovas pad\u0117s&hellip;<\/div><\/li>\n<li><div class=\"wp-block-latest-posts__featured-image alignleft\"><img decoding=\"async\" width=\"150\" height=\"150\" src=\"https:\/\/grants.teismas.lt\/wp-content\/uploads\/2024\/05\/DS_1226-150x150.jpg\" class=\"attachment-thumbnail size-thumbnail wp-post-image\" alt=\"\" style=\"\" \/><\/div><a class=\"wp-block-latest-posts__post-title\" href=\"https:\/\/grants.teismas.lt\/?p=1027\">Tarptautin\u0117 baigiamoji projekto konferencija<\/a><time datetime=\"2024-04-15T11:29:00+03:00\" class=\"wp-block-latest-posts__post-date\">2024-04-15<\/time><div class=\"wp-block-latest-posts__post-excerpt\">Nacionalin\u0117 teism\u0173 administracija baigia \u012fgyvendinti ketverius metus trukus\u012f projekt\u0105 \u201eKokyb\u0117s, paslaug\u0173 ir infrastrukt\u016bros tobulinimas Lietuvos teismuose\u201c, finansuojam\u0105 2014\u20132021 m. Europos ekonomin\u0117s erdv\u0117s finansinio mechanizmo l\u0117\u0161omis ir kvie\u010dia susipa\u017einti su pasiektais projekto rezultatai rengiamoje tarptautin\u0117je konferencijoje. Tarptautin\u0117je baigiamojoje projekto konferencijoje bus pristatyti \u012fgyvendinto projekto rezultatai, partneriai i\u0161 Norvegijos teism\u0173 administracijos pasidalins patirtimi apie teismin\u012f bendradarbiavim\u0105, bus&hellip;<\/div><\/li>\n<li><div class=\"wp-block-latest-posts__featured-image alignleft\"><img loading=\"lazy\" decoding=\"async\" width=\"150\" height=\"150\" src=\"https:\/\/grants.teismas.lt\/wp-content\/uploads\/2024\/05\/kauno_apylinkes_teismas-150x150.jpg\" class=\"attachment-thumbnail size-thumbnail wp-post-image\" alt=\"\" style=\"\" \/><\/div><a class=\"wp-block-latest-posts__post-title\" href=\"https:\/\/grants.teismas.lt\/?p=1020\">Kauno apylink\u0117s teismo vie\u0161\u0173j\u0173 erdvi\u0173 remontas<\/a><time datetime=\"2024-04-02T10:49:00+03:00\" class=\"wp-block-latest-posts__post-date\">2024-04-02<\/time><div class=\"wp-block-latest-posts__post-excerpt\">Kauno apylink\u0117s teisme baigiami didelio masto pastato remonto darbai. Vykdant Nacionalin\u0117s teism\u0173 administracijos vykdom\u0105 projekt\u0105 \u201eKokyb\u0117s, paslaug\u0173 ir infrastrukt\u016bros tobulinimas Lietuvos teismuose\u201c buvo numatyta atlikti Kauno apylink\u0117s teismo vie\u0161\u0173j\u0173 erdvi\u0173 pertvarkym\u0105, pritaikant jas patogesniam pilie\u010di\u0173 aptarnavimui ir efektyvesniam teismo darbui. Nuo 2023 m. vasaros pabaigos statybininkai vykd\u0117 esmin\u0119 teismo patalp\u0173 pertvark\u0105, sutvarkydami ne tik teismo&hellip;<\/div><\/li>\n<\/ul>","protected":false},"excerpt":{"rendered":"","protected":false},"author":1,"featured_media":0,"parent":0,"menu_order":0,"comment_status":"closed","ping_status":"closed","template":"","meta":{"ngg_post_thumbnail":0,"footnotes":""},"class_list":["post-235","page","type-page","status-publish","hentry"],"_links":{"self":[{"href":"https:\/\/grants.teismas.lt\/index.php?rest_route=\/wp\/v2\/pages\/235","targetHints":{"allow":["GET"]}}],"collection":[{"href":"https:\/\/grants.teismas.lt\/index.php?rest_route=\/wp\/v2\/pages"}],"about":[{"href":"https:\/\/grants.teismas.lt\/index.php?rest_route=\/wp\/v2\/types\/page"}],"author":[{"embeddable":true,"href":"https:\/\/grants.teismas.lt\/index.php?rest_route=\/wp\/v2\/users\/1"}],"replies":[{"embeddable":true,"href":"https:\/\/grants.teismas.lt\/index.php?rest_route=%2Fwp%2Fv2%2Fcomments&post=235"}],"version-history":[{"count":17,"href":"https:\/\/grants.teismas.lt\/index.php?rest_route=\/wp\/v2\/pages\/235\/revisions"}],"predecessor-version":[{"id":498,"href":"https:\/\/grants.teismas.lt\/index.php?rest_route=\/wp\/v2\/pages\/235\/revisions\/498"}],"wp:attachment":[{"href":"https:\/\/grants.teismas.lt\/index.php?rest_route=%2Fwp%2Fv2%2Fmedia&parent=235"}],"curies":[{"name":"wp","href":"https:\/\/api.w.org\/{rel}","templated":true}]}}