{"id":222,"date":"2021-04-28T14:13:18","date_gmt":"2021-04-28T11:13:18","guid":{"rendered":"http:\/\/172.19.10.195\/?page_id=222"},"modified":"2024-12-18T11:01:41","modified_gmt":"2024-12-18T08:01:41","slug":"galerija","status":"publish","type":"page","link":"https:\/\/grants.teismas.lt\/?page_id=222","title":{"rendered":"GALERIJA"},"content":{"rendered":"\n<h2 class=\"wp-block-heading\">Vaizdo klipas apie Projekto metu \u012fvykdytas veiklas ir j\u0173 rezultatus<\/h2>\n\n\n\n<div class=\"wp-block-columns is-layout-flex wp-container-core-columns-is-layout-9d6595d7 wp-block-columns-is-layout-flex\">\n<div class=\"wp-block-column is-vertically-aligned-bottom is-layout-flow wp-block-column-is-layout-flow\" style=\"flex-basis:100%\">\n<figure class=\"wp-block-embed is-type-video is-provider-youtube wp-block-embed-youtube wp-embed-aspect-4-3 wp-has-aspect-ratio\"><div class=\"wp-block-embed__wrapper\">\n<iframe title=\"Kokyb\u0117s, paslaug\u0173 ir infrastrukt\u016bros tobulinimas\" width=\"843\" height=\"474\" src=\"https:\/\/www.youtube.com\/embed\/-aoci_qr-Q8?feature=oembed\" frameborder=\"0\" allow=\"accelerometer; autoplay; clipboard-write; encrypted-media; gyroscope; picture-in-picture; web-share\" referrerpolicy=\"strict-origin-when-cross-origin\" allowfullscreen><\/iframe>\n<\/div><\/figure>\n\n\n\n<p><\/p>\n\n\n\n<p class=\"has-text-align-center\"><\/p>\n\n\n\n<h2 class=\"wp-block-heading\">Konferencijos &#8220;I\u0161\u0161\u016bkiai teis\u0117j\u0173 atrankai ir savanorystei teismuose&#8221; \u012fra\u0161as<\/h2>\n\n\n\n<figure class=\"wp-block-embed aligncenter is-type-video is-provider-youtube wp-block-embed-youtube wp-embed-aspect-16-9 wp-has-aspect-ratio\"><div class=\"wp-block-embed__wrapper\">\n<iframe title=\"[LT] I\u0161\u0161\u016bkiai teis\u0117j\u0173 atrankai ir savanorystei teismuose || Nuotolin\u0117 konferencija\" width=\"843\" height=\"474\" src=\"https:\/\/www.youtube.com\/embed\/4t5PqnHIpl0?start=185&#038;feature=oembed\" frameborder=\"0\" allow=\"accelerometer; autoplay; clipboard-write; encrypted-media; gyroscope; picture-in-picture; web-share\" referrerpolicy=\"strict-origin-when-cross-origin\" allowfullscreen><\/iframe>\n<\/div><\/figure>\n<\/div>\n<\/div>\n\n\n\n<p class=\"has-text-align-center\"><\/p>\n\n\n\n<h2 class=\"wp-block-heading\">Tarptautin\u0117s konferencijos <br>&#8220;Poky\u010diai teism\u0173 sistemoje: nuo teis\u0117j\u0173 kompetencij\u0173 modelio \u012fgyvendinimo iki efektyvesnio teismo proceso vykdymo&#8221; akimirkos<\/h2>\n\n\n\n<figure class=\"wp-block-gallery has-nested-images columns-default is-cropped wp-block-gallery-1 is-layout-flex wp-block-gallery-is-layout-flex\">\n<figure class=\"wp-block-image size-large\"><img fetchpriority=\"high\" decoding=\"async\" width=\"1024\" height=\"683\" data-id=\"903\" src=\"https:\/\/grants.teismas.lt\/wp-content\/uploads\/2023\/05\/1-3-1024x683.jpg\" alt=\"\" class=\"wp-image-903\" srcset=\"https:\/\/grants.teismas.lt\/wp-content\/uploads\/2023\/05\/1-3-1024x683.jpg 1024w, https:\/\/grants.teismas.lt\/wp-content\/uploads\/2023\/05\/1-3-300x200.jpg 300w, https:\/\/grants.teismas.lt\/wp-content\/uploads\/2023\/05\/1-3-768x512.jpg 768w, https:\/\/grants.teismas.lt\/wp-content\/uploads\/2023\/05\/1-3-1536x1024.jpg 1536w, https:\/\/grants.teismas.lt\/wp-content\/uploads\/2023\/05\/1-3.jpg 2048w\" sizes=\"(max-width: 1024px) 100vw, 1024px\" \/><\/figure>\n\n\n\n<figure class=\"wp-block-image\"><img decoding=\"async\" width=\"2048\" height=\"1365\" data-id=\"921\" src=\"https:\/\/grants.teismas.lt\/wp-content\/uploads\/2023\/05\/2-5.jpg\" alt=\"\" class=\"wp-image-921\"\/><\/figure>\n\n\n\n<figure class=\"wp-block-image size-large\"><img decoding=\"async\" width=\"1024\" height=\"684\" data-id=\"904\" src=\"https:\/\/grants.teismas.lt\/wp-content\/uploads\/2023\/05\/40-2-1024x684.jpg\" alt=\"\" class=\"wp-image-904\" srcset=\"https:\/\/grants.teismas.lt\/wp-content\/uploads\/2023\/05\/40-2-1024x684.jpg 1024w, https:\/\/grants.teismas.lt\/wp-content\/uploads\/2023\/05\/40-2-300x200.jpg 300w, https:\/\/grants.teismas.lt\/wp-content\/uploads\/2023\/05\/40-2-768x513.jpg 768w, https:\/\/grants.teismas.lt\/wp-content\/uploads\/2023\/05\/40-2-1536x1025.jpg 1536w, https:\/\/grants.teismas.lt\/wp-content\/uploads\/2023\/05\/40-2.jpg 2048w\" sizes=\"(max-width: 1024px) 100vw, 1024px\" \/><\/figure>\n\n\n\n<figure class=\"wp-block-image\"><img loading=\"lazy\" decoding=\"async\" width=\"2048\" height=\"1367\" data-id=\"906\" src=\"https:\/\/grants.teismas.lt\/wp-content\/uploads\/2023\/05\/4.1-2.jpg\" alt=\"\" class=\"wp-image-906\" srcset=\"https:\/\/grants.teismas.lt\/wp-content\/uploads\/2023\/05\/4.1-2.jpg 2048w, https:\/\/grants.teismas.lt\/wp-content\/uploads\/2023\/05\/4.1-2-300x200.jpg 300w, https:\/\/grants.teismas.lt\/wp-content\/uploads\/2023\/05\/4.1-2-1024x684.jpg 1024w, https:\/\/grants.teismas.lt\/wp-content\/uploads\/2023\/05\/4.1-2-768x513.jpg 768w, https:\/\/grants.teismas.lt\/wp-content\/uploads\/2023\/05\/4.1-2-1536x1025.jpg 1536w\" sizes=\"(max-width: 2048px) 100vw, 2048px\" \/><\/figure>\n\n\n\n<figure class=\"wp-block-image\"><img loading=\"lazy\" decoding=\"async\" width=\"2048\" height=\"1367\" data-id=\"901\" src=\"https:\/\/grants.teismas.lt\/wp-content\/uploads\/2023\/05\/5-2.jpg\" alt=\"\" class=\"wp-image-901\"\/><\/figure>\n\n\n\n<figure class=\"wp-block-image\"><img loading=\"lazy\" decoding=\"async\" width=\"2048\" height=\"1367\" data-id=\"920\" src=\"https:\/\/grants.teismas.lt\/wp-content\/uploads\/2023\/05\/6-3.jpg\" alt=\"\" class=\"wp-image-920\"\/><\/figure>\n\n\n\n<figure class=\"wp-block-image\"><img loading=\"lazy\" decoding=\"async\" width=\"2048\" height=\"1367\" data-id=\"905\" src=\"https:\/\/grants.teismas.lt\/wp-content\/uploads\/2023\/05\/7-2.jpg\" alt=\"\" class=\"wp-image-905\" srcset=\"https:\/\/grants.teismas.lt\/wp-content\/uploads\/2023\/05\/7-2.jpg 2048w, https:\/\/grants.teismas.lt\/wp-content\/uploads\/2023\/05\/7-2-300x200.jpg 300w, https:\/\/grants.teismas.lt\/wp-content\/uploads\/2023\/05\/7-2-1024x684.jpg 1024w, https:\/\/grants.teismas.lt\/wp-content\/uploads\/2023\/05\/7-2-768x513.jpg 768w, https:\/\/grants.teismas.lt\/wp-content\/uploads\/2023\/05\/7-2-1536x1025.jpg 1536w\" sizes=\"(max-width: 2048px) 100vw, 2048px\" \/><\/figure>\n\n\n\n<figure class=\"wp-block-image\"><img loading=\"lazy\" decoding=\"async\" width=\"2048\" height=\"1367\" data-id=\"907\" src=\"https:\/\/grants.teismas.lt\/wp-content\/uploads\/2023\/05\/8-2.jpg\" alt=\"\" class=\"wp-image-907\"\/><\/figure>\n\n\n\n<figure class=\"wp-block-image\"><img loading=\"lazy\" decoding=\"async\" width=\"2048\" height=\"1367\" data-id=\"908\" src=\"https:\/\/grants.teismas.lt\/wp-content\/uploads\/2023\/05\/9-2.jpg\" alt=\"\" class=\"wp-image-908\" srcset=\"https:\/\/grants.teismas.lt\/wp-content\/uploads\/2023\/05\/9-2.jpg 2048w, https:\/\/grants.teismas.lt\/wp-content\/uploads\/2023\/05\/9-2-300x200.jpg 300w, https:\/\/grants.teismas.lt\/wp-content\/uploads\/2023\/05\/9-2-1024x684.jpg 1024w, https:\/\/grants.teismas.lt\/wp-content\/uploads\/2023\/05\/9-2-768x513.jpg 768w, https:\/\/grants.teismas.lt\/wp-content\/uploads\/2023\/05\/9-2-1536x1025.jpg 1536w\" sizes=\"(max-width: 2048px) 100vw, 2048px\" \/><\/figure>\n\n\n\n<figure class=\"wp-block-image\"><img loading=\"lazy\" decoding=\"async\" width=\"2048\" height=\"1367\" data-id=\"909\" src=\"https:\/\/grants.teismas.lt\/wp-content\/uploads\/2023\/05\/10-2.jpg\" alt=\"\" class=\"wp-image-909\"\/><\/figure>\n\n\n\n<figure class=\"wp-block-image\"><img loading=\"lazy\" decoding=\"async\" width=\"2048\" height=\"1367\" data-id=\"910\" src=\"https:\/\/grants.teismas.lt\/wp-content\/uploads\/2023\/05\/11-2.jpg\" alt=\"\" class=\"wp-image-910\" srcset=\"https:\/\/grants.teismas.lt\/wp-content\/uploads\/2023\/05\/11-2.jpg 2048w, https:\/\/grants.teismas.lt\/wp-content\/uploads\/2023\/05\/11-2-300x200.jpg 300w, https:\/\/grants.teismas.lt\/wp-content\/uploads\/2023\/05\/11-2-1024x684.jpg 1024w, https:\/\/grants.teismas.lt\/wp-content\/uploads\/2023\/05\/11-2-768x513.jpg 768w, https:\/\/grants.teismas.lt\/wp-content\/uploads\/2023\/05\/11-2-1536x1025.jpg 1536w\" sizes=\"(max-width: 2048px) 100vw, 2048px\" \/><\/figure>\n\n\n\n<figure class=\"wp-block-image\"><img loading=\"lazy\" decoding=\"async\" width=\"2048\" height=\"1367\" data-id=\"911\" src=\"https:\/\/grants.teismas.lt\/wp-content\/uploads\/2023\/05\/12-2.jpg\" alt=\"\" class=\"wp-image-911\" srcset=\"https:\/\/grants.teismas.lt\/wp-content\/uploads\/2023\/05\/12-2.jpg 2048w, https:\/\/grants.teismas.lt\/wp-content\/uploads\/2023\/05\/12-2-300x200.jpg 300w, https:\/\/grants.teismas.lt\/wp-content\/uploads\/2023\/05\/12-2-1024x684.jpg 1024w, https:\/\/grants.teismas.lt\/wp-content\/uploads\/2023\/05\/12-2-768x513.jpg 768w, https:\/\/grants.teismas.lt\/wp-content\/uploads\/2023\/05\/12-2-1536x1025.jpg 1536w\" sizes=\"(max-width: 2048px) 100vw, 2048px\" \/><\/figure>\n\n\n\n<figure class=\"wp-block-image\"><img loading=\"lazy\" decoding=\"async\" width=\"2048\" height=\"1365\" data-id=\"912\" src=\"https:\/\/grants.teismas.lt\/wp-content\/uploads\/2023\/05\/130-2.jpg\" alt=\"\" class=\"wp-image-912\" srcset=\"https:\/\/grants.teismas.lt\/wp-content\/uploads\/2023\/05\/130-2.jpg 2048w, https:\/\/grants.teismas.lt\/wp-content\/uploads\/2023\/05\/130-2-300x200.jpg 300w, https:\/\/grants.teismas.lt\/wp-content\/uploads\/2023\/05\/130-2-1024x683.jpg 1024w, https:\/\/grants.teismas.lt\/wp-content\/uploads\/2023\/05\/130-2-768x512.jpg 768w, https:\/\/grants.teismas.lt\/wp-content\/uploads\/2023\/05\/130-2-1536x1024.jpg 1536w\" sizes=\"(max-width: 2048px) 100vw, 2048px\" \/><\/figure>\n\n\n\n<figure class=\"wp-block-image\"><img loading=\"lazy\" decoding=\"async\" width=\"2048\" height=\"1367\" data-id=\"913\" src=\"https:\/\/grants.teismas.lt\/wp-content\/uploads\/2023\/05\/13-2.jpg\" alt=\"\" class=\"wp-image-913\" srcset=\"https:\/\/grants.teismas.lt\/wp-content\/uploads\/2023\/05\/13-2.jpg 2048w, https:\/\/grants.teismas.lt\/wp-content\/uploads\/2023\/05\/13-2-300x200.jpg 300w, https:\/\/grants.teismas.lt\/wp-content\/uploads\/2023\/05\/13-2-1024x684.jpg 1024w, https:\/\/grants.teismas.lt\/wp-content\/uploads\/2023\/05\/13-2-768x513.jpg 768w, https:\/\/grants.teismas.lt\/wp-content\/uploads\/2023\/05\/13-2-1536x1025.jpg 1536w\" sizes=\"(max-width: 2048px) 100vw, 2048px\" \/><\/figure>\n\n\n\n<figure class=\"wp-block-image\"><img loading=\"lazy\" decoding=\"async\" width=\"2048\" height=\"1367\" data-id=\"914\" src=\"https:\/\/grants.teismas.lt\/wp-content\/uploads\/2023\/05\/14-2.jpg\" alt=\"\" class=\"wp-image-914\" srcset=\"https:\/\/grants.teismas.lt\/wp-content\/uploads\/2023\/05\/14-2.jpg 2048w, https:\/\/grants.teismas.lt\/wp-content\/uploads\/2023\/05\/14-2-300x200.jpg 300w, https:\/\/grants.teismas.lt\/wp-content\/uploads\/2023\/05\/14-2-1024x684.jpg 1024w, https:\/\/grants.teismas.lt\/wp-content\/uploads\/2023\/05\/14-2-768x513.jpg 768w, https:\/\/grants.teismas.lt\/wp-content\/uploads\/2023\/05\/14-2-1536x1025.jpg 1536w\" sizes=\"(max-width: 2048px) 100vw, 2048px\" \/><\/figure>\n\n\n\n<figure class=\"wp-block-image\"><img loading=\"lazy\" decoding=\"async\" width=\"2048\" height=\"1367\" data-id=\"915\" src=\"https:\/\/grants.teismas.lt\/wp-content\/uploads\/2023\/05\/15-2.jpg\" alt=\"\" class=\"wp-image-915\" srcset=\"https:\/\/grants.teismas.lt\/wp-content\/uploads\/2023\/05\/15-2.jpg 2048w, https:\/\/grants.teismas.lt\/wp-content\/uploads\/2023\/05\/15-2-300x200.jpg 300w, https:\/\/grants.teismas.lt\/wp-content\/uploads\/2023\/05\/15-2-1024x684.jpg 1024w, https:\/\/grants.teismas.lt\/wp-content\/uploads\/2023\/05\/15-2-768x513.jpg 768w, https:\/\/grants.teismas.lt\/wp-content\/uploads\/2023\/05\/15-2-1536x1025.jpg 1536w\" sizes=\"(max-width: 2048px) 100vw, 2048px\" \/><\/figure>\n\n\n\n<figure class=\"wp-block-image\"><img loading=\"lazy\" decoding=\"async\" width=\"2048\" height=\"1367\" data-id=\"916\" src=\"https:\/\/grants.teismas.lt\/wp-content\/uploads\/2023\/05\/16-2.jpg\" alt=\"\" class=\"wp-image-916\" srcset=\"https:\/\/grants.teismas.lt\/wp-content\/uploads\/2023\/05\/16-2.jpg 2048w, https:\/\/grants.teismas.lt\/wp-content\/uploads\/2023\/05\/16-2-300x200.jpg 300w, https:\/\/grants.teismas.lt\/wp-content\/uploads\/2023\/05\/16-2-1024x684.jpg 1024w, https:\/\/grants.teismas.lt\/wp-content\/uploads\/2023\/05\/16-2-768x513.jpg 768w, https:\/\/grants.teismas.lt\/wp-content\/uploads\/2023\/05\/16-2-1536x1025.jpg 1536w\" sizes=\"(max-width: 2048px) 100vw, 2048px\" \/><\/figure>\n\n\n\n<figure class=\"wp-block-image\"><img loading=\"lazy\" decoding=\"async\" width=\"2048\" height=\"1365\" data-id=\"917\" src=\"https:\/\/grants.teismas.lt\/wp-content\/uploads\/2023\/05\/17-2.jpg\" alt=\"\" class=\"wp-image-917\" srcset=\"https:\/\/grants.teismas.lt\/wp-content\/uploads\/2023\/05\/17-2.jpg 2048w, https:\/\/grants.teismas.lt\/wp-content\/uploads\/2023\/05\/17-2-300x200.jpg 300w, https:\/\/grants.teismas.lt\/wp-content\/uploads\/2023\/05\/17-2-1024x683.jpg 1024w, https:\/\/grants.teismas.lt\/wp-content\/uploads\/2023\/05\/17-2-768x512.jpg 768w, https:\/\/grants.teismas.lt\/wp-content\/uploads\/2023\/05\/17-2-1536x1024.jpg 1536w\" sizes=\"(max-width: 2048px) 100vw, 2048px\" \/><\/figure>\n<\/figure>\n\n\n\n<figure class=\"wp-block-embed is-type-video is-provider-youtube wp-block-embed-youtube wp-embed-aspect-16-9 wp-has-aspect-ratio\"><div class=\"wp-block-embed__wrapper\">\n<iframe title=\"Tarptautin\u0117 konferencija &quot;Poky\u010diai teism\u0173 sistemoje&quot;\" width=\"843\" height=\"474\" src=\"https:\/\/www.youtube.com\/embed\/slJTtkp3zZw?feature=oembed\" frameborder=\"0\" allow=\"accelerometer; autoplay; clipboard-write; encrypted-media; gyroscope; picture-in-picture; web-share\" referrerpolicy=\"strict-origin-when-cross-origin\" allowfullscreen><\/iframe>\n<\/div><\/figure>\n","protected":false},"excerpt":{"rendered":"<p>Vaizdo klipas apie Projekto metu \u012fvykdytas veiklas ir j\u0173 rezultatus Konferencijos &#8220;I\u0161\u0161\u016bkiai teis\u0117j\u0173 atrankai ir savanorystei teismuose&#8221; \u012fra\u0161as Tarptautin\u0117s konferencijos &#8220;Poky\u010diai teism\u0173 sistemoje: nuo teis\u0117j\u0173&hellip;<\/p>\n","protected":false},"author":1,"featured_media":85,"parent":0,"menu_order":0,"comment_status":"closed","ping_status":"closed","template":"","meta":{"ngg_post_thumbnail":0,"footnotes":""},"class_list":["post-222","page","type-page","status-publish","has-post-thumbnail","hentry"],"_links":{"self":[{"href":"https:\/\/grants.teismas.lt\/index.php?rest_route=\/wp\/v2\/pages\/222","targetHints":{"allow":["GET"]}}],"collection":[{"href":"https:\/\/grants.teismas.lt\/index.php?rest_route=\/wp\/v2\/pages"}],"about":[{"href":"https:\/\/grants.teismas.lt\/index.php?rest_route=\/wp\/v2\/types\/page"}],"author":[{"embeddable":true,"href":"https:\/\/grants.teismas.lt\/index.php?rest_route=\/wp\/v2\/users\/1"}],"replies":[{"embeddable":true,"href":"https:\/\/grants.teismas.lt\/index.php?rest_route=%2Fwp%2Fv2%2Fcomments&post=222"}],"version-history":[{"count":8,"href":"https:\/\/grants.teismas.lt\/index.php?rest_route=\/wp\/v2\/pages\/222\/revisions"}],"predecessor-version":[{"id":1073,"href":"https:\/\/grants.teismas.lt\/index.php?rest_route=\/wp\/v2\/pages\/222\/revisions\/1073"}],"wp:featuredmedia":[{"embeddable":true,"href":"https:\/\/grants.teismas.lt\/index.php?rest_route=\/wp\/v2\/media\/85"}],"wp:attachment":[{"href":"https:\/\/grants.teismas.lt\/index.php?rest_route=%2Fwp%2Fv2%2Fmedia&parent=222"}],"curies":[{"name":"wp","href":"https:\/\/api.w.org\/{rel}","templated":true}]}}