{"id":2,"date":"2021-03-04T06:42:57","date_gmt":"2021-03-04T03:42:57","guid":{"rendered":"http:\/\/172.19.10.195:8080\/?page_id=2"},"modified":"2024-10-17T14:56:04","modified_gmt":"2024-10-17T11:56:04","slug":"kontaktai","status":"publish","type":"page","link":"https:\/\/grants.teismas.lt\/?page_id=2","title":{"rendered":"KONTAKTAI"},"content":{"rendered":"\n<div class=\"wp-block-group alignwide\"><div class=\"wp-block-group__inner-container is-layout-flow wp-block-group-is-layout-flow\">\n<div class=\"wp-block-columns alignwide is-layout-flex wp-container-core-columns-is-layout-9d6595d7 wp-block-columns-is-layout-flex\">\n<div class=\"wp-block-column is-layout-flow wp-block-column-is-layout-flow\">\n<figure class=\"wp-block-table alignwide\"><table><thead><tr><th class=\"has-text-align-center\" data-align=\"center\"><strong>Ramun\u0117 Majauskait\u0117<\/strong><\/th><\/tr><\/thead><tbody><tr><td class=\"has-text-align-center\" data-align=\"center\">Programos vadov\u0117<br>El. p.&nbsp;<a rel=\"noreferrer noopener\" href=\"mailto:%72%61%6d%75%6e%65%2e%6d%61%6a%61%75%73%6b%61%69%74%65%40%74%65%69%73%6d%61%69%2e%6c%74\" target=\"_blank\">ramune.majauskaite@teismai.lt<\/a><br>Tel. (8 5) 210 5397<\/td><\/tr><\/tbody><\/table><\/figure>\n\n\n\n<figure class=\"wp-block-table alignwide is-style-regular\"><table><thead><tr><th class=\"has-text-align-center\" data-align=\"center\">Vaida Va\u017eg\u0117lien\u0117<\/th><\/tr><\/thead><tbody><tr><td class=\"has-text-align-center\" data-align=\"center\">Projekto finansinink\u0117<br>El. p.&nbsp;<a href=\"mailto:vaida.vazgeliene@teismai.lt\" target=\"_blank\" rel=\"noreferrer noopener\">vaida.vazgeliene@teismai.lt<\/a><br>Tel. (8 5) 210 5396<\/td><\/tr><\/tbody><\/table><\/figure>\n\n\n\n<p><\/p>\n<\/div>\n<\/div>\n<\/div><\/div>\n\n\n\n<p><\/p>\n","protected":false},"excerpt":{"rendered":"<p>Ramun\u0117 Majauskait\u0117 Programos vadov\u0117El. p.&nbsp;ramune.majauskaite@teismai.ltTel. (8 5) 210 5397 Vaida Va\u017eg\u0117lien\u0117 Projekto finansinink\u0117El. p.&nbsp;vaida.vazgeliene@teismai.ltTel. (8 5) 210 5396<\/p>\n","protected":false},"author":1,"featured_media":0,"parent":0,"menu_order":0,"comment_status":"closed","ping_status":"closed","template":"","meta":{"ngg_post_thumbnail":0,"footnotes":""},"class_list":["post-2","page","type-page","status-publish","hentry"],"_links":{"self":[{"href":"https:\/\/grants.teismas.lt\/index.php?rest_route=\/wp\/v2\/pages\/2","targetHints":{"allow":["GET"]}}],"collection":[{"href":"https:\/\/grants.teismas.lt\/index.php?rest_route=\/wp\/v2\/pages"}],"about":[{"href":"https:\/\/grants.teismas.lt\/index.php?rest_route=\/wp\/v2\/types\/page"}],"author":[{"embeddable":true,"href":"https:\/\/grants.teismas.lt\/index.php?rest_route=\/wp\/v2\/users\/1"}],"replies":[{"embeddable":true,"href":"https:\/\/grants.teismas.lt\/index.php?rest_route=%2Fwp%2Fv2%2Fcomments&post=2"}],"version-history":[{"count":25,"href":"https:\/\/grants.teismas.lt\/index.php?rest_route=\/wp\/v2\/pages\/2\/revisions"}],"predecessor-version":[{"id":1060,"href":"https:\/\/grants.teismas.lt\/index.php?rest_route=\/wp\/v2\/pages\/2\/revisions\/1060"}],"wp:attachment":[{"href":"https:\/\/grants.teismas.lt\/index.php?rest_route=%2Fwp%2Fv2%2Fmedia&parent=2"}],"curies":[{"name":"wp","href":"https:\/\/api.w.org\/{rel}","templated":true}]}}